{"id":3,"date":"2024-11-06T21:08:40","date_gmt":"2024-11-06T21:08:40","guid":{"rendered":"https:\/\/super.dinamita.pe\/?page_id=3"},"modified":"2025-10-30T14:38:48","modified_gmt":"2025-10-30T19:38:48","slug":"privacy-policy","status":"publish","type":"page","link":"https:\/\/mda.org.pe\/en\/privacy-policy\/","title":{"rendered":"Pol\u00edtica de Privacidad"},"content":{"rendered":"<p>En <em>Mecanismos de Desarrollo Alternos (MDA)<\/em> respetamos la privacidad de los usuarios que visitan nuestro sitio web <strong>mda.org.pe<\/strong>.<\/p>\n\n\n\n<p>Los datos personales que se recopilen a trav\u00e9s de formularios de contacto, suscripciones o comentarios ser\u00e1n tratados de acuerdo con la <strong>Ley N\u00b0 29733 \u2013 Ley de Protecci\u00f3n de Datos Personales<\/strong> y su reglamento.<\/p>\n\n\n\n<h2 class=\"wp-block-heading\">Finalidad del tratamiento:<\/h2>\n\n\n\n<p>La informaci\u00f3n recopilada se utiliza \u00fanicamente para fines de comunicaci\u00f3n institucional, env\u00edo de informaci\u00f3n t\u00e9cnica o gesti\u00f3n de convocatorias.<br>MDA no comparte ni comercializa los datos con terceros.<\/p>\n\n\n\n<h2 class=\"wp-block-heading\">Derechos del titular de los datos:<\/h2>\n\n\n\n<p>Usted puede ejercer sus derechos de acceso, rectificaci\u00f3n, cancelaci\u00f3n y oposici\u00f3n enviando una solicitud a <strong><a>contacto@mda.org.pe<\/a><\/strong>.<\/p>\n\n\n\n<h2 class=\"wp-block-heading\">Cookies:<\/h2>\n\n\n\n<p>Este sitio web utiliza cookies propias y de terceros con fines anal\u00edticos.<br>Puede configurar su navegador para bloquear o eliminar cookies en cualquier momento.<\/p>","protected":false},"excerpt":{"rendered":"<p>En Mecanismos de Desarrollo Alternos (MDA) respetamos la privacidad de los usuarios que visitan nuestro sitio web mda.org.pe. Los datos personales que se recopilen a trav\u00e9s de formularios de contacto, suscripciones o comentarios ser\u00e1n tratados de acuerdo con la Ley N\u00b0 29733 \u2013 Ley de Protecci\u00f3n de Datos Personales y su reglamento. Finalidad del tratamiento: [&hellip;]<\/p>\n","protected":false},"author":1,"featured_media":0,"parent":0,"menu_order":0,"comment_status":"closed","ping_status":"open","template":"","meta":{"_acf_changed":false,"footnotes":""},"class_list":["post-3","page","type-page","status-publish","hentry"],"acf":[],"yoast_head":"<!-- This site is optimized with the Yoast SEO plugin v27.2 - https:\/\/yoast.com\/product\/yoast-seo-wordpress\/ -->\n<title>Pol\u00edtica de Privacidad - Mecanismos de Desarrollo Alternos<\/title>\n<meta name=\"robots\" content=\"index, follow, max-snippet:-1, max-image-preview:large, max-video-preview:-1\" \/>\n<link rel=\"canonical\" href=\"https:\/\/mda.org.pe\/en\/privacy-policy\/\" \/>\n<meta property=\"og:locale\" content=\"en_GB\" \/>\n<meta property=\"og:type\" content=\"article\" \/>\n<meta property=\"og:title\" content=\"Pol\u00edtica de Privacidad - Mecanismos de Desarrollo Alternos\" \/>\n<meta property=\"og:description\" content=\"En Mecanismos de Desarrollo Alternos (MDA) respetamos la privacidad de los usuarios que visitan nuestro sitio web mda.org.pe. Los datos personales que se recopilen a trav\u00e9s de formularios de contacto, suscripciones o comentarios ser\u00e1n tratados de acuerdo con la Ley N\u00b0 29733 \u2013 Ley de Protecci\u00f3n de Datos Personales y su reglamento. Finalidad del tratamiento: [&hellip;]\" \/>\n<meta property=\"og:url\" content=\"https:\/\/mda.org.pe\/en\/privacy-policy\/\" \/>\n<meta property=\"og:site_name\" content=\"Mecanismos de Desarrollo Alternos\" \/>\n<meta property=\"article:publisher\" content=\"https:\/\/www.facebook.com\/mda.org.pe\" \/>\n<meta property=\"article:modified_time\" content=\"2025-10-30T19:38:48+00:00\" \/>\n<meta name=\"twitter:card\" content=\"summary_large_image\" \/>\n<meta name=\"twitter:label1\" content=\"Estimated reading time\" \/>\n\t<meta name=\"twitter:data1\" content=\"1 minute\" \/>\n<script type=\"application\/ld+json\" class=\"yoast-schema-graph\">{\"@context\":\"https:\/\/schema.org\",\"@graph\":[{\"@type\":\"WebPage\",\"@id\":\"https:\/\/mda.org.pe\/privacy-policy\/\",\"url\":\"https:\/\/mda.org.pe\/privacy-policy\/\",\"name\":\"Pol\u00edtica de Privacidad - Mecanismos de Desarrollo Alternos\",\"isPartOf\":{\"@id\":\"https:\/\/mda.org.pe\/#website\"},\"datePublished\":\"2024-11-06T21:08:40+00:00\",\"dateModified\":\"2025-10-30T19:38:48+00:00\",\"breadcrumb\":{\"@id\":\"https:\/\/mda.org.pe\/privacy-policy\/#breadcrumb\"},\"inLanguage\":\"en-GB\",\"potentialAction\":[{\"@type\":\"ReadAction\",\"target\":[\"https:\/\/mda.org.pe\/privacy-policy\/\"]}]},{\"@type\":\"BreadcrumbList\",\"@id\":\"https:\/\/mda.org.pe\/privacy-policy\/#breadcrumb\",\"itemListElement\":[{\"@type\":\"ListItem\",\"position\":1,\"name\":\"Home\",\"item\":\"https:\/\/mda.org.pe\/\"},{\"@type\":\"ListItem\",\"position\":2,\"name\":\"Pol\u00edtica de Privacidad\"}]},{\"@type\":\"WebSite\",\"@id\":\"https:\/\/mda.org.pe\/#website\",\"url\":\"https:\/\/mda.org.pe\/\",\"name\":\"Mecanismos de Desarrollo Alternos\",\"description\":\"Producci\u00f3n, Protecci\u00f3n e Inclusi\u00f3n para jurisdicciones con bosques del Per\u00fa\",\"publisher\":{\"@id\":\"https:\/\/mda.org.pe\/#organization\"},\"alternateName\":\"https:\/\/mda.org.pe\/\",\"potentialAction\":[{\"@type\":\"SearchAction\",\"target\":{\"@type\":\"EntryPoint\",\"urlTemplate\":\"https:\/\/mda.org.pe\/?s={search_term_string}\"},\"query-input\":{\"@type\":\"PropertyValueSpecification\",\"valueRequired\":true,\"valueName\":\"search_term_string\"}}],\"inLanguage\":\"en-GB\"},{\"@type\":\"Organization\",\"@id\":\"https:\/\/mda.org.pe\/#organization\",\"name\":\"Mecanismos de Desarrollo Alternos\",\"alternateName\":\"www.mda.org.pe\/\",\"url\":\"https:\/\/mda.org.pe\/\",\"logo\":{\"@type\":\"ImageObject\",\"inLanguage\":\"en-GB\",\"@id\":\"https:\/\/mda.org.pe\/#\/schema\/logo\/image\/\",\"url\":\"https:\/\/mda.org.pe\/wp-content\/uploads\/2025\/10\/Logo-MDA-web.webp\",\"contentUrl\":\"https:\/\/mda.org.pe\/wp-content\/uploads\/2025\/10\/Logo-MDA-web.webp\",\"width\":600,\"height\":300,\"caption\":\"Mecanismos de Desarrollo Alternos\"},\"image\":{\"@id\":\"https:\/\/mda.org.pe\/#\/schema\/logo\/image\/\"},\"sameAs\":[\"https:\/\/www.facebook.com\/mda.org.pe\",\"https:\/\/www.instagram.com\/mda_org_pe\/\",\"https:\/\/pe.linkedin.com\/company\/mdaorgpe\"]}]}<\/script>\n<!-- \/ Yoast SEO plugin. -->","yoast_head_json":{"title":"Pol\u00edtica de Privacidad - Mecanismos de Desarrollo Alternos","robots":{"index":"index","follow":"follow","max-snippet":"max-snippet:-1","max-image-preview":"max-image-preview:large","max-video-preview":"max-video-preview:-1"},"canonical":"https:\/\/mda.org.pe\/en\/privacy-policy\/","og_locale":"en_GB","og_type":"article","og_title":"Pol\u00edtica de Privacidad - Mecanismos de Desarrollo Alternos","og_description":"En Mecanismos de Desarrollo Alternos (MDA) respetamos la privacidad de los usuarios que visitan nuestro sitio web mda.org.pe. Los datos personales que se recopilen a trav\u00e9s de formularios de contacto, suscripciones o comentarios ser\u00e1n tratados de acuerdo con la Ley N\u00b0 29733 \u2013 Ley de Protecci\u00f3n de Datos Personales y su reglamento. Finalidad del tratamiento: [&hellip;]","og_url":"https:\/\/mda.org.pe\/en\/privacy-policy\/","og_site_name":"Mecanismos de Desarrollo Alternos","article_publisher":"https:\/\/www.facebook.com\/mda.org.pe","article_modified_time":"2025-10-30T19:38:48+00:00","twitter_card":"summary_large_image","twitter_misc":{"Estimated reading time":"1 minute"},"schema":{"@context":"https:\/\/schema.org","@graph":[{"@type":"WebPage","@id":"https:\/\/mda.org.pe\/privacy-policy\/","url":"https:\/\/mda.org.pe\/privacy-policy\/","name":"Pol\u00edtica de Privacidad - Mecanismos de Desarrollo Alternos","isPartOf":{"@id":"https:\/\/mda.org.pe\/#website"},"datePublished":"2024-11-06T21:08:40+00:00","dateModified":"2025-10-30T19:38:48+00:00","breadcrumb":{"@id":"https:\/\/mda.org.pe\/privacy-policy\/#breadcrumb"},"inLanguage":"en-GB","potentialAction":[{"@type":"ReadAction","target":["https:\/\/mda.org.pe\/privacy-policy\/"]}]},{"@type":"BreadcrumbList","@id":"https:\/\/mda.org.pe\/privacy-policy\/#breadcrumb","itemListElement":[{"@type":"ListItem","position":1,"name":"Home","item":"https:\/\/mda.org.pe\/"},{"@type":"ListItem","position":2,"name":"Pol\u00edtica de Privacidad"}]},{"@type":"WebSite","@id":"https:\/\/mda.org.pe\/#website","url":"https:\/\/mda.org.pe\/","name":"Mecanismos de Desarrollo Alternos","description":"Producci\u00f3n, Protecci\u00f3n e Inclusi\u00f3n para jurisdicciones con bosques del Per\u00fa","publisher":{"@id":"https:\/\/mda.org.pe\/#organization"},"alternateName":"https:\/\/mda.org.pe\/","potentialAction":[{"@type":"SearchAction","target":{"@type":"EntryPoint","urlTemplate":"https:\/\/mda.org.pe\/?s={search_term_string}"},"query-input":{"@type":"PropertyValueSpecification","valueRequired":true,"valueName":"search_term_string"}}],"inLanguage":"en-GB"},{"@type":"Organization","@id":"https:\/\/mda.org.pe\/#organization","name":"Mecanismos de Desarrollo Alternos","alternateName":"www.mda.org.pe\/","url":"https:\/\/mda.org.pe\/","logo":{"@type":"ImageObject","inLanguage":"en-GB","@id":"https:\/\/mda.org.pe\/#\/schema\/logo\/image\/","url":"https:\/\/mda.org.pe\/wp-content\/uploads\/2025\/10\/Logo-MDA-web.webp","contentUrl":"https:\/\/mda.org.pe\/wp-content\/uploads\/2025\/10\/Logo-MDA-web.webp","width":600,"height":300,"caption":"Mecanismos de Desarrollo Alternos"},"image":{"@id":"https:\/\/mda.org.pe\/#\/schema\/logo\/image\/"},"sameAs":["https:\/\/www.facebook.com\/mda.org.pe","https:\/\/www.instagram.com\/mda_org_pe\/","https:\/\/pe.linkedin.com\/company\/mdaorgpe"]}]}},"_links":{"self":[{"href":"https:\/\/mda.org.pe\/en\/wp-json\/wp\/v2\/pages\/3","targetHints":{"allow":["GET"]}}],"collection":[{"href":"https:\/\/mda.org.pe\/en\/wp-json\/wp\/v2\/pages"}],"about":[{"href":"https:\/\/mda.org.pe\/en\/wp-json\/wp\/v2\/types\/page"}],"author":[{"embeddable":true,"href":"https:\/\/mda.org.pe\/en\/wp-json\/wp\/v2\/users\/1"}],"replies":[{"embeddable":true,"href":"https:\/\/mda.org.pe\/en\/wp-json\/wp\/v2\/comments?post=3"}],"version-history":[{"count":2,"href":"https:\/\/mda.org.pe\/en\/wp-json\/wp\/v2\/pages\/3\/revisions"}],"predecessor-version":[{"id":10800,"href":"https:\/\/mda.org.pe\/en\/wp-json\/wp\/v2\/pages\/3\/revisions\/10800"}],"wp:attachment":[{"href":"https:\/\/mda.org.pe\/en\/wp-json\/wp\/v2\/media?parent=3"}],"curies":[{"name":"wp","href":"https:\/\/api.w.org\/{rel}","templated":true}]}}